{"id":10,"date":"2018-08-22T15:54:31","date_gmt":"2018-08-22T15:54:31","guid":{"rendered":"http:\/\/sem-wtu.solutions\/?page_id=10"},"modified":"2023-10-17T19:04:09","modified_gmt":"2023-10-17T19:04:09","slug":"impressum","status":"publish","type":"page","link":"https:\/\/sem-wtu.solutions\/?page_id=10","title":{"rendered":"Impressum"},"content":{"rendered":"<p>S. E. M. GmbH<br \/>\nIm Gries 6<br \/>\nD-96364 Marktrodach<\/p>\n<p>Vertretungsberechtigter Gesch\u00e4ftsf\u00fchrer: J\u00fcrgen Stauch<\/p>\n<p>Telefon: (0 92 61) 96 47 44<br \/>\nFax: (0 92 61) 96 47 68<\/p>\n<p>EMail: info@sem-wtu.solutions<\/p>\n<p>Registergericht: Amtsgericht Coburg<br \/>\nRegisternummer: HRB 4555<\/p>\n<p>Umsatzsteuer-Identifikationsnummer gem. \u00a7 27a UStG: DE 163978264<br \/>\nInhaltlich Verantwortlich: J\u00fcrgen Stauch (Anschrift s. o.)<\/p>\n","protected":false},"excerpt":{"rendered":"<p>S. E. M. GmbH Im Gries 6 D-96364 Marktrodach Vertretungsberechtigter Gesch\u00e4ftsf\u00fchrer: J\u00fcrgen Stauch Telefon: (0 92 61) 96 47 44 Fax: (0 92 61) 96 47 68 EMail: info@sem-wtu.solutions Registergericht: Amtsgericht Coburg Registernummer: HRB 4555 Umsatzsteuer-Identifikationsnummer gem. \u00a7 27a UStG: DE 163978264 Inhaltlich Verantwortlich: J\u00fcrgen Stauch (Anschrift s. o.)<\/p>\n","protected":false},"author":1,"featured_media":0,"parent":0,"menu_order":0,"comment_status":"closed","ping_status":"closed","template":"","meta":{"footnotes":""},"class_list":["post-10","page","type-page","status-publish","hentry"],"_links":{"self":[{"href":"https:\/\/sem-wtu.solutions\/index.php?rest_route=\/wp\/v2\/pages\/10","targetHints":{"allow":["GET"]}}],"collection":[{"href":"https:\/\/sem-wtu.solutions\/index.php?rest_route=\/wp\/v2\/pages"}],"about":[{"href":"https:\/\/sem-wtu.solutions\/index.php?rest_route=\/wp\/v2\/types\/page"}],"author":[{"embeddable":true,"href":"https:\/\/sem-wtu.solutions\/index.php?rest_route=\/wp\/v2\/users\/1"}],"replies":[{"embeddable":true,"href":"https:\/\/sem-wtu.solutions\/index.php?rest_route=%2Fwp%2Fv2%2Fcomments&post=10"}],"version-history":[{"count":3,"href":"https:\/\/sem-wtu.solutions\/index.php?rest_route=\/wp\/v2\/pages\/10\/revisions"}],"predecessor-version":[{"id":299,"href":"https:\/\/sem-wtu.solutions\/index.php?rest_route=\/wp\/v2\/pages\/10\/revisions\/299"}],"wp:attachment":[{"href":"https:\/\/sem-wtu.solutions\/index.php?rest_route=%2Fwp%2Fv2%2Fmedia&parent=10"}],"curies":[{"name":"wp","href":"https:\/\/api.w.org\/{rel}","templated":true}]}}