{"id":19,"date":"2018-08-22T16:02:06","date_gmt":"2018-08-22T16:02:06","guid":{"rendered":"http:\/\/sem-wtu.solutions\/?page_id=19"},"modified":"2018-10-02T14:23:09","modified_gmt":"2018-10-02T14:23:09","slug":"geld-und-werttransport","status":"publish","type":"page","link":"https:\/\/sem-wtu.solutions\/?page_id=19","title":{"rendered":"Geld- und Werttransport"},"content":{"rendered":"<p class=\"Textbody\">Die uns anvertrauten Werte werden von besonders qualifiziertem und bewaffnetem Personal in\u00a0 speziell gesicherten Werttransportfahrzeugen bef\u00f6rdert.<o:p><\/o:p><\/p>\n<p class=\"Textbody\">Die Fahrzeuge stehen in st\u00e4ndigem Kontakt zu unserer Serviceleitstelle und sind mit modernster Technik ausger\u00fcstet.<o:p><\/o:p><\/p>\n<p class=\"Textbody\">Wir besch\u00e4ftigen ausschlie\u00dflich beh\u00f6rdlich \u00fcberpr\u00fcfte und zugelassene Mitarbeiter.<o:p><\/o:p><\/p>\n<p class=\"Textbody\">Gerne unterbreiten wir Ihnen ein auf Sie speziell abgestimmtes Angebot. Einfach links unser Kontaktformular nutzen.<\/p>\n<p>&nbsp;<\/p>\n<p class=\"Textbody\"><img loading=\"lazy\" decoding=\"async\" src=\"https:\/\/sem-wtu.solutions\/wp-content\/uploads\/2018\/09\/2018-09-03-SEM-GmbH-41.jpg\" alt=\"\" class=\"aligncenter wp-image-122 size-full\" width=\"1600\" height=\"1022\" srcset=\"https:\/\/sem-wtu.solutions\/wp-content\/uploads\/2018\/09\/2018-09-03-SEM-GmbH-41.jpg 1600w, https:\/\/sem-wtu.solutions\/wp-content\/uploads\/2018\/09\/2018-09-03-SEM-GmbH-41-300x192.jpg 300w, https:\/\/sem-wtu.solutions\/wp-content\/uploads\/2018\/09\/2018-09-03-SEM-GmbH-41-768x491.jpg 768w, https:\/\/sem-wtu.solutions\/wp-content\/uploads\/2018\/09\/2018-09-03-SEM-GmbH-41-1024x654.jpg 1024w\" sizes=\"auto, (max-width: 1600px) 100vw, 1600px\" \/><img loading=\"lazy\" decoding=\"async\" src=\"https:\/\/sem-wtu.solutions\/wp-content\/uploads\/2018\/09\/2018-09-03-SEM-GmbH-57.jpg\" alt=\"\" class=\"aligncenter wp-image-125 size-full\" width=\"1600\" height=\"1085\" srcset=\"https:\/\/sem-wtu.solutions\/wp-content\/uploads\/2018\/09\/2018-09-03-SEM-GmbH-57.jpg 1600w, https:\/\/sem-wtu.solutions\/wp-content\/uploads\/2018\/09\/2018-09-03-SEM-GmbH-57-300x203.jpg 300w, https:\/\/sem-wtu.solutions\/wp-content\/uploads\/2018\/09\/2018-09-03-SEM-GmbH-57-768x521.jpg 768w, https:\/\/sem-wtu.solutions\/wp-content\/uploads\/2018\/09\/2018-09-03-SEM-GmbH-57-1024x694.jpg 1024w\" sizes=\"auto, (max-width: 1600px) 100vw, 1600px\" \/><o:p><\/o:p><\/p>\n","protected":false},"excerpt":{"rendered":"<p>Die uns anvertrauten Werte werden von besonders qualifiziertem und bewaffnetem Personal in\u00a0 speziell gesicherten Werttransportfahrzeugen bef\u00f6rdert. Die Fahrzeuge stehen in st\u00e4ndigem Kontakt zu unserer Serviceleitstelle und sind mit modernster Technik ausger\u00fcstet. Wir besch\u00e4ftigen ausschlie\u00dflich beh\u00f6rdlich \u00fcberpr\u00fcfte und zugelassene Mitarbeiter. Gerne unterbreiten wir Ihnen ein auf Sie speziell abgestimmtes Angebot. Einfach<a class=\"moretag\" href=\"https:\/\/sem-wtu.solutions\/?page_id=19\"> Weiterlesen<\/a><\/p>\n","protected":false},"author":1,"featured_media":274,"parent":17,"menu_order":0,"comment_status":"closed","ping_status":"closed","template":"","meta":{"footnotes":""},"class_list":["post-19","page","type-page","status-publish","has-post-thumbnail","hentry"],"_links":{"self":[{"href":"https:\/\/sem-wtu.solutions\/index.php?rest_route=\/wp\/v2\/pages\/19","targetHints":{"allow":["GET"]}}],"collection":[{"href":"https:\/\/sem-wtu.solutions\/index.php?rest_route=\/wp\/v2\/pages"}],"about":[{"href":"https:\/\/sem-wtu.solutions\/index.php?rest_route=\/wp\/v2\/types\/page"}],"author":[{"embeddable":true,"href":"https:\/\/sem-wtu.solutions\/index.php?rest_route=\/wp\/v2\/users\/1"}],"replies":[{"embeddable":true,"href":"https:\/\/sem-wtu.solutions\/index.php?rest_route=%2Fwp%2Fv2%2Fcomments&post=19"}],"version-history":[{"count":7,"href":"https:\/\/sem-wtu.solutions\/index.php?rest_route=\/wp\/v2\/pages\/19\/revisions"}],"predecessor-version":[{"id":246,"href":"https:\/\/sem-wtu.solutions\/index.php?rest_route=\/wp\/v2\/pages\/19\/revisions\/246"}],"up":[{"embeddable":true,"href":"https:\/\/sem-wtu.solutions\/index.php?rest_route=\/wp\/v2\/pages\/17"}],"wp:featuredmedia":[{"embeddable":true,"href":"https:\/\/sem-wtu.solutions\/index.php?rest_route=\/wp\/v2\/media\/274"}],"wp:attachment":[{"href":"https:\/\/sem-wtu.solutions\/index.php?rest_route=%2Fwp%2Fv2%2Fmedia&parent=19"}],"curies":[{"name":"wp","href":"https:\/\/api.w.org\/{rel}","templated":true}]}}