{"id":21,"date":"2018-08-22T16:02:17","date_gmt":"2018-08-22T16:02:17","guid":{"rendered":"http:\/\/sem-wtu.solutions\/?page_id=21"},"modified":"2018-10-02T14:22:15","modified_gmt":"2018-10-02T14:22:15","slug":"geldbearbeitung","status":"publish","type":"page","link":"https:\/\/sem-wtu.solutions\/?page_id=21","title":{"rendered":"Geldbearbeitung"},"content":{"rendered":"<p>Mit Hilfe von zertifizierten Sortier- und Rolliermaschinen bearbeiten wir Ihr M\u00fcnzgeld zu Bundesbankgerechten Gebinden. Selbstverst\u00e4ndlich inklusive der Pr\u00fcfung auf Echtheit und Umlauff\u00e4higkeit.<\/p>\n<p>\u00dcber den M\u00fcnzgeldpool unserer Partnerbank wird das gez\u00e4hlte M\u00fcnzgeld bei einer Filiale der Deutschen Bundesbank eingezahlt und der Gegenwert Ihrem Konto gutgeschrieben.<\/p>\n<p>Sie haben Fragen zum Thema \u201eM\u00fcnzgeld\u201c?<\/p>\n<p>Gerne unterbreiten wir Ihnen ein auf Sie speziell abgestimmtes Angebot. Einfach links unser Kontaktformular nutzen.<a href=\"https:\/\/sem-wtu.solutions\/?page_id=15\" target=\"_blank\" rel=\"noopener\"><\/a><\/p>\n<p>&nbsp;<\/p>\n<p><img loading=\"lazy\" decoding=\"async\" src=\"https:\/\/sem-wtu.solutions\/wp-content\/uploads\/2018\/10\/2018-09-03-SEM-GmbH-52.jpg\" alt=\"\" class=\"aligncenter wp-image-274 size-full\" width=\"1600\" height=\"1115\" srcset=\"https:\/\/sem-wtu.solutions\/wp-content\/uploads\/2018\/10\/2018-09-03-SEM-GmbH-52.jpg 1600w, https:\/\/sem-wtu.solutions\/wp-content\/uploads\/2018\/10\/2018-09-03-SEM-GmbH-52-300x209.jpg 300w, https:\/\/sem-wtu.solutions\/wp-content\/uploads\/2018\/10\/2018-09-03-SEM-GmbH-52-768x535.jpg 768w, https:\/\/sem-wtu.solutions\/wp-content\/uploads\/2018\/10\/2018-09-03-SEM-GmbH-52-1024x714.jpg 1024w\" sizes=\"auto, (max-width: 1600px) 100vw, 1600px\" \/><\/p>\n<p><img loading=\"lazy\" decoding=\"async\" src=\"https:\/\/sem-wtu.solutions\/wp-content\/uploads\/2018\/09\/2018-09-03-SEM-GmbH-14.jpg\" alt=\"\" class=\"aligncenter wp-image-128 size-full\" width=\"1600\" height=\"1013\" srcset=\"https:\/\/sem-wtu.solutions\/wp-content\/uploads\/2018\/09\/2018-09-03-SEM-GmbH-14.jpg 1600w, https:\/\/sem-wtu.solutions\/wp-content\/uploads\/2018\/09\/2018-09-03-SEM-GmbH-14-300x190.jpg 300w, https:\/\/sem-wtu.solutions\/wp-content\/uploads\/2018\/09\/2018-09-03-SEM-GmbH-14-768x486.jpg 768w, https:\/\/sem-wtu.solutions\/wp-content\/uploads\/2018\/09\/2018-09-03-SEM-GmbH-14-1024x648.jpg 1024w\" sizes=\"auto, (max-width: 1600px) 100vw, 1600px\" \/><\/p>\n","protected":false},"excerpt":{"rendered":"<p>Mit Hilfe von zertifizierten Sortier- und Rolliermaschinen bearbeiten wir Ihr M\u00fcnzgeld zu Bundesbankgerechten Gebinden. Selbstverst\u00e4ndlich inklusive der Pr\u00fcfung auf Echtheit und Umlauff\u00e4higkeit. \u00dcber den M\u00fcnzgeldpool unserer Partnerbank wird das gez\u00e4hlte M\u00fcnzgeld bei einer Filiale der Deutschen Bundesbank eingezahlt und der Gegenwert Ihrem Konto gutgeschrieben. Sie haben Fragen zum Thema \u201eM\u00fcnzgeld\u201c?<a class=\"moretag\" href=\"https:\/\/sem-wtu.solutions\/?page_id=21\"> Weiterlesen<\/a><\/p>\n","protected":false},"author":1,"featured_media":147,"parent":17,"menu_order":0,"comment_status":"closed","ping_status":"closed","template":"","meta":{"footnotes":""},"class_list":["post-21","page","type-page","status-publish","has-post-thumbnail","hentry"],"_links":{"self":[{"href":"https:\/\/sem-wtu.solutions\/index.php?rest_route=\/wp\/v2\/pages\/21","targetHints":{"allow":["GET"]}}],"collection":[{"href":"https:\/\/sem-wtu.solutions\/index.php?rest_route=\/wp\/v2\/pages"}],"about":[{"href":"https:\/\/sem-wtu.solutions\/index.php?rest_route=\/wp\/v2\/types\/page"}],"author":[{"embeddable":true,"href":"https:\/\/sem-wtu.solutions\/index.php?rest_route=\/wp\/v2\/users\/1"}],"replies":[{"embeddable":true,"href":"https:\/\/sem-wtu.solutions\/index.php?rest_route=%2Fwp%2Fv2%2Fcomments&post=21"}],"version-history":[{"count":10,"href":"https:\/\/sem-wtu.solutions\/index.php?rest_route=\/wp\/v2\/pages\/21\/revisions"}],"predecessor-version":[{"id":277,"href":"https:\/\/sem-wtu.solutions\/index.php?rest_route=\/wp\/v2\/pages\/21\/revisions\/277"}],"up":[{"embeddable":true,"href":"https:\/\/sem-wtu.solutions\/index.php?rest_route=\/wp\/v2\/pages\/17"}],"wp:featuredmedia":[{"embeddable":true,"href":"https:\/\/sem-wtu.solutions\/index.php?rest_route=\/wp\/v2\/media\/147"}],"wp:attachment":[{"href":"https:\/\/sem-wtu.solutions\/index.php?rest_route=%2Fwp%2Fv2%2Fmedia&parent=21"}],"curies":[{"name":"wp","href":"https:\/\/api.w.org\/{rel}","templated":true}]}}