{"id":23,"date":"2018-08-22T16:02:27","date_gmt":"2018-08-22T16:02:27","guid":{"rendered":"http:\/\/sem-wtu.solutions\/?page_id=23"},"modified":"2018-09-14T18:12:15","modified_gmt":"2018-09-14T18:12:15","slug":"muenzgeld","status":"publish","type":"page","link":"https:\/\/sem-wtu.solutions\/?page_id=23","title":{"rendered":"M\u00fcnzgeld"},"content":{"rendered":"<p>Individuelle L\u00f6sungen bei der M\u00fcnzgeldversorgung und -entsorgung werden von Banken und Einzelh\u00e4ndlern gefordert, da die Deutsche Bundesbank nur noch sog. Normcontainer als Standard f\u00fcr M\u00fcnzgeldeinzahlungen und -auszahlungen akzeptiert. Durch unseren Einsatz von geschultem Personal und zertifizierten Maschinen sparen Sie sich hohe Kosten und unn\u00f6tigen Aufwand.<\/p>\n<p>Wir versorgen Sie aus dem M\u00fcnzgeldpool unserer Partnerbank entweder mit losem oder rolliertem M\u00fcnzgeld \u2013 genau nach Ihren W\u00fcnschen und zu attraktiven Preisen.<\/p>\n<p>Egal ob M\u00fcnzgeld in Safebags, Kisten oder Containern. Wir holen Ihr M\u00fcnzgeld.<\/p>\n<p>Gerne unterbreiten wir Ihnen ein auf Sie speziell abgestimmtes Angebot. Einfach links unser Kontaktformular nutzen.<\/p>\n<p>&nbsp;<\/p>\n<p><img loading=\"lazy\" decoding=\"async\" src=\"https:\/\/sem-wtu.solutions\/wp-content\/uploads\/2018\/09\/2018-09-03-SEM-GmbH-47.jpg\" alt=\"\" class=\"aligncenter wp-image-119 size-full\" width=\"1600\" height=\"921\" srcset=\"https:\/\/sem-wtu.solutions\/wp-content\/uploads\/2018\/09\/2018-09-03-SEM-GmbH-47.jpg 1600w, https:\/\/sem-wtu.solutions\/wp-content\/uploads\/2018\/09\/2018-09-03-SEM-GmbH-47-300x173.jpg 300w, https:\/\/sem-wtu.solutions\/wp-content\/uploads\/2018\/09\/2018-09-03-SEM-GmbH-47-768x442.jpg 768w, https:\/\/sem-wtu.solutions\/wp-content\/uploads\/2018\/09\/2018-09-03-SEM-GmbH-47-1024x589.jpg 1024w\" sizes=\"auto, (max-width: 1600px) 100vw, 1600px\" \/><img loading=\"lazy\" decoding=\"async\" src=\"https:\/\/sem-wtu.solutions\/wp-content\/uploads\/2018\/09\/2018-09-03-SEM-GmbH-1.jpg\" alt=\"\" class=\"aligncenter wp-image-132 size-full\" width=\"1600\" height=\"1053\" srcset=\"https:\/\/sem-wtu.solutions\/wp-content\/uploads\/2018\/09\/2018-09-03-SEM-GmbH-1.jpg 1600w, https:\/\/sem-wtu.solutions\/wp-content\/uploads\/2018\/09\/2018-09-03-SEM-GmbH-1-300x197.jpg 300w, https:\/\/sem-wtu.solutions\/wp-content\/uploads\/2018\/09\/2018-09-03-SEM-GmbH-1-768x505.jpg 768w, https:\/\/sem-wtu.solutions\/wp-content\/uploads\/2018\/09\/2018-09-03-SEM-GmbH-1-1024x674.jpg 1024w\" sizes=\"auto, (max-width: 1600px) 100vw, 1600px\" \/><\/p>\n","protected":false},"excerpt":{"rendered":"<p>Individuelle L\u00f6sungen bei der M\u00fcnzgeldversorgung und -entsorgung werden von Banken und Einzelh\u00e4ndlern gefordert, da die Deutsche Bundesbank nur noch sog. Normcontainer als Standard f\u00fcr M\u00fcnzgeldeinzahlungen und -auszahlungen akzeptiert. Durch unseren Einsatz von geschultem Personal und zertifizierten Maschinen sparen Sie sich hohe Kosten und unn\u00f6tigen Aufwand. Wir versorgen Sie aus dem<a class=\"moretag\" href=\"https:\/\/sem-wtu.solutions\/?page_id=23\"> Weiterlesen<\/a><\/p>\n","protected":false},"author":1,"featured_media":149,"parent":17,"menu_order":0,"comment_status":"closed","ping_status":"closed","template":"","meta":{"footnotes":""},"class_list":["post-23","page","type-page","status-publish","has-post-thumbnail","hentry"],"_links":{"self":[{"href":"https:\/\/sem-wtu.solutions\/index.php?rest_route=\/wp\/v2\/pages\/23","targetHints":{"allow":["GET"]}}],"collection":[{"href":"https:\/\/sem-wtu.solutions\/index.php?rest_route=\/wp\/v2\/pages"}],"about":[{"href":"https:\/\/sem-wtu.solutions\/index.php?rest_route=\/wp\/v2\/types\/page"}],"author":[{"embeddable":true,"href":"https:\/\/sem-wtu.solutions\/index.php?rest_route=\/wp\/v2\/users\/1"}],"replies":[{"embeddable":true,"href":"https:\/\/sem-wtu.solutions\/index.php?rest_route=%2Fwp%2Fv2%2Fcomments&post=23"}],"version-history":[{"count":6,"href":"https:\/\/sem-wtu.solutions\/index.php?rest_route=\/wp\/v2\/pages\/23\/revisions"}],"predecessor-version":[{"id":249,"href":"https:\/\/sem-wtu.solutions\/index.php?rest_route=\/wp\/v2\/pages\/23\/revisions\/249"}],"up":[{"embeddable":true,"href":"https:\/\/sem-wtu.solutions\/index.php?rest_route=\/wp\/v2\/pages\/17"}],"wp:featuredmedia":[{"embeddable":true,"href":"https:\/\/sem-wtu.solutions\/index.php?rest_route=\/wp\/v2\/media\/149"}],"wp:attachment":[{"href":"https:\/\/sem-wtu.solutions\/index.php?rest_route=%2Fwp%2Fv2%2Fmedia&parent=23"}],"curies":[{"name":"wp","href":"https:\/\/api.w.org\/{rel}","templated":true}]}}