{"id":25,"date":"2018-08-22T16:02:38","date_gmt":"2018-08-22T16:02:38","guid":{"rendered":"http:\/\/sem-wtu.solutions\/?page_id=25"},"modified":"2018-09-14T18:09:01","modified_gmt":"2018-09-14T18:09:01","slug":"belegtransport","status":"publish","type":"page","link":"https:\/\/sem-wtu.solutions\/?page_id=25","title":{"rendered":"Belegtransport"},"content":{"rendered":"<p class=\"Textbody\">Postgut, Belege, Datentr\u00e4ger, Ersatzteile&#8230; die Art des zu transportierenden Gutes ist vielf\u00e4ltig.<\/p>\n<p class=\"Textbody\">Ebenso unser Angebot an daf\u00fcr abgestimmten Fahrzeugen. Kundenzufriedenheit erreichen wir durch Flexibilit\u00e4t, P\u00fcnktlichkeit und eine fundierte, professionelle Routenplanung.<o:p><\/o:p><\/p>\n<p class=\"Textbody\">Gerne unterbreiten wir Ihnen ein auf Sie speziell abgestimmtes Angebot. Einfach links unser Kontaktformular nutzen.<\/p>\n<p>&nbsp;<\/p>\n<p class=\"Textbody\"><img loading=\"lazy\" decoding=\"async\" src=\"https:\/\/sem-wtu.solutions\/wp-content\/uploads\/2018\/09\/2018-09-03-SEM-GmbH-54.jpg\" alt=\"\" class=\"aligncenter wp-image-134 size-full\" width=\"1600\" height=\"977\" srcset=\"https:\/\/sem-wtu.solutions\/wp-content\/uploads\/2018\/09\/2018-09-03-SEM-GmbH-54.jpg 1600w, https:\/\/sem-wtu.solutions\/wp-content\/uploads\/2018\/09\/2018-09-03-SEM-GmbH-54-300x183.jpg 300w, https:\/\/sem-wtu.solutions\/wp-content\/uploads\/2018\/09\/2018-09-03-SEM-GmbH-54-768x469.jpg 768w, https:\/\/sem-wtu.solutions\/wp-content\/uploads\/2018\/09\/2018-09-03-SEM-GmbH-54-1024x625.jpg 1024w\" sizes=\"auto, (max-width: 1600px) 100vw, 1600px\" \/><img loading=\"lazy\" decoding=\"async\" src=\"https:\/\/sem-wtu.solutions\/wp-content\/uploads\/2018\/09\/2018-09-03-SEM-GmbH-57.jpg\" alt=\"\" class=\"aligncenter wp-image-125 size-full\" width=\"1600\" height=\"1085\" srcset=\"https:\/\/sem-wtu.solutions\/wp-content\/uploads\/2018\/09\/2018-09-03-SEM-GmbH-57.jpg 1600w, https:\/\/sem-wtu.solutions\/wp-content\/uploads\/2018\/09\/2018-09-03-SEM-GmbH-57-300x203.jpg 300w, https:\/\/sem-wtu.solutions\/wp-content\/uploads\/2018\/09\/2018-09-03-SEM-GmbH-57-768x521.jpg 768w, https:\/\/sem-wtu.solutions\/wp-content\/uploads\/2018\/09\/2018-09-03-SEM-GmbH-57-1024x694.jpg 1024w\" sizes=\"auto, (max-width: 1600px) 100vw, 1600px\" \/><o:p><\/o:p><\/p>\n","protected":false},"excerpt":{"rendered":"<p>Postgut, Belege, Datentr\u00e4ger, Ersatzteile&#8230; die Art des zu transportierenden Gutes ist vielf\u00e4ltig. Ebenso unser Angebot an daf\u00fcr abgestimmten Fahrzeugen. Kundenzufriedenheit erreichen wir durch Flexibilit\u00e4t, P\u00fcnktlichkeit und eine fundierte, professionelle Routenplanung. Gerne unterbreiten wir Ihnen ein auf Sie speziell abgestimmtes Angebot. Einfach links unser Kontaktformular nutzen. &nbsp;<\/p>\n","protected":false},"author":1,"featured_media":145,"parent":17,"menu_order":0,"comment_status":"closed","ping_status":"closed","template":"page-templates\/template-page-sidebar.php","meta":{"footnotes":""},"class_list":["post-25","page","type-page","status-publish","has-post-thumbnail","hentry"],"_links":{"self":[{"href":"https:\/\/sem-wtu.solutions\/index.php?rest_route=\/wp\/v2\/pages\/25","targetHints":{"allow":["GET"]}}],"collection":[{"href":"https:\/\/sem-wtu.solutions\/index.php?rest_route=\/wp\/v2\/pages"}],"about":[{"href":"https:\/\/sem-wtu.solutions\/index.php?rest_route=\/wp\/v2\/types\/page"}],"author":[{"embeddable":true,"href":"https:\/\/sem-wtu.solutions\/index.php?rest_route=\/wp\/v2\/users\/1"}],"replies":[{"embeddable":true,"href":"https:\/\/sem-wtu.solutions\/index.php?rest_route=%2Fwp%2Fv2%2Fcomments&post=25"}],"version-history":[{"count":27,"href":"https:\/\/sem-wtu.solutions\/index.php?rest_route=\/wp\/v2\/pages\/25\/revisions"}],"predecessor-version":[{"id":244,"href":"https:\/\/sem-wtu.solutions\/index.php?rest_route=\/wp\/v2\/pages\/25\/revisions\/244"}],"up":[{"embeddable":true,"href":"https:\/\/sem-wtu.solutions\/index.php?rest_route=\/wp\/v2\/pages\/17"}],"wp:featuredmedia":[{"embeddable":true,"href":"https:\/\/sem-wtu.solutions\/index.php?rest_route=\/wp\/v2\/media\/145"}],"wp:attachment":[{"href":"https:\/\/sem-wtu.solutions\/index.php?rest_route=%2Fwp%2Fv2%2Fmedia&parent=25"}],"curies":[{"name":"wp","href":"https:\/\/api.w.org\/{rel}","templated":true}]}}