{"id":285,"date":"2018-11-07T18:02:10","date_gmt":"2018-11-07T18:02:10","guid":{"rendered":"https:\/\/sem-wtu.solutions\/?page_id=285"},"modified":"2018-11-07T18:02:25","modified_gmt":"2018-11-07T18:02:25","slug":"bundesverband","status":"publish","type":"page","link":"https:\/\/sem-wtu.solutions\/?page_id=285","title":{"rendered":"Bundesverband"},"content":{"rendered":"<p class=\"x_MsoNormal\">Wir sind Gr\u00fcndungsmitglied des <a href=\"http:\/\/www.wertelogistiker.de\/\" target=\"_blank\" rel=\"noopener\">Bundesverbandes Mittelst\u00e4ndischer Werte-Logistiker e. V.<\/a> (BMWL).<\/p>\n<p class=\"x_MsoNormal\">Wir halten die Existenz dieses Verbandes grundlegendst wichtig f\u00fcr den Mittelstand in der Geld- und Wert-Branche. Der Mittelstand in Deutschland kann flexibel und kundenorientiert regionale Dienstleistungen durchf\u00fchren.<\/p>\n<p class=\"x_MsoNormal\">Hier sind Kunden keine \u201eNummer\u201c, sondern Partner.<a href=\"https:\/\/eur01.safelinks.protection.outlook.com\/?url=http%3A%2F%2Fwww.wertelogistiker.de%2F&amp;data=02%7C01%7C%7C2bf99f31a7284602a6e708d64474109e%7C84df9e7fe9f640afb435aaaaaaaaaaaa%7C1%7C0%7C636771662609770916&amp;sdata=RMJWNBkSZSrLAotJacwKAyset%2BW3ERHX03Y0BfBC0CE%3D&amp;reserved=0\" target=\"_blank\" rel=\"noopener noreferrer\" data-auth=\"Verified\" originalsrc=\"http:\/\/www.wertelogistiker.de\/\" shash=\"WWNGAmpYEAuzI9h+qJAcRnoXOENgBUJUlvQPshTTAESnMdghhCHgVE9lVRMqtLIjKa86B7ljcexiuNogy60FmQt+djiUfouqkclPIEC1MdMrMjyw\/togQCEY1V\/73HOFYZztRfXPhKiiCGBe47SEXMbSwqAsw2LAhColdRXJ4pk=\" title=\"Durch Outlook gesch\u00fctzt: http:\/\/www.wertelogistiker.de\/. Klicken oder tippen Sie, um dem Link zu folgen.\"><\/a><\/p>\n","protected":false},"excerpt":{"rendered":"<p>Wir sind Gr\u00fcndungsmitglied des Bundesverbandes Mittelst\u00e4ndischer Werte-Logistiker e. V. (BMWL). Wir halten die Existenz dieses Verbandes grundlegendst wichtig f\u00fcr den Mittelstand in der Geld- und Wert-Branche. Der Mittelstand in Deutschland kann flexibel und kundenorientiert regionale Dienstleistungen durchf\u00fchren. Hier sind Kunden keine \u201eNummer\u201c, sondern Partner.<\/p>\n","protected":false},"author":2,"featured_media":287,"parent":0,"menu_order":0,"comment_status":"closed","ping_status":"closed","template":"","meta":{"footnotes":""},"class_list":["post-285","page","type-page","status-publish","has-post-thumbnail","hentry"],"_links":{"self":[{"href":"https:\/\/sem-wtu.solutions\/index.php?rest_route=\/wp\/v2\/pages\/285","targetHints":{"allow":["GET"]}}],"collection":[{"href":"https:\/\/sem-wtu.solutions\/index.php?rest_route=\/wp\/v2\/pages"}],"about":[{"href":"https:\/\/sem-wtu.solutions\/index.php?rest_route=\/wp\/v2\/types\/page"}],"author":[{"embeddable":true,"href":"https:\/\/sem-wtu.solutions\/index.php?rest_route=\/wp\/v2\/users\/2"}],"replies":[{"embeddable":true,"href":"https:\/\/sem-wtu.solutions\/index.php?rest_route=%2Fwp%2Fv2%2Fcomments&post=285"}],"version-history":[{"count":1,"href":"https:\/\/sem-wtu.solutions\/index.php?rest_route=\/wp\/v2\/pages\/285\/revisions"}],"predecessor-version":[{"id":286,"href":"https:\/\/sem-wtu.solutions\/index.php?rest_route=\/wp\/v2\/pages\/285\/revisions\/286"}],"wp:featuredmedia":[{"embeddable":true,"href":"https:\/\/sem-wtu.solutions\/index.php?rest_route=\/wp\/v2\/media\/287"}],"wp:attachment":[{"href":"https:\/\/sem-wtu.solutions\/index.php?rest_route=%2Fwp%2Fv2%2Fmedia&parent=285"}],"curies":[{"name":"wp","href":"https:\/\/api.w.org\/{rel}","templated":true}]}}